{"id":2506,"date":"2018-12-21T19:26:04","date_gmt":"2018-12-22T02:26:04","guid":{"rendered":"https:\/\/www.datwebdigital.com\/DWD\/?page_id=2506"},"modified":"2022-08-26T14:41:46","modified_gmt":"2022-08-26T21:41:46","slug":"webdesign-2","status":"publish","type":"page","link":"https:\/\/www.datwebdigital.com\/DWD\/webdesign-2\/","title":{"rendered":"Dise\u00f1o Web"},"content":{"rendered":"\t\t<div data-elementor-type=\"wp-post\" data-elementor-id=\"2506\" class=\"elementor elementor-2506\" data-elementor-post-type=\"page\">\n\t\t\t\t\t\t<section data-particle_enable=\"false\" data-particle-mobile-disabled=\"false\" class=\"elementor-section elementor-top-section elementor-element elementor-element-5349f3e2 elementor-section-content-top elementor-section-boxed elementor-section-height-default elementor-section-height-default\" data-id=\"5349f3e2\" data-element_type=\"section\">\n\t\t\t\t\t\t<div class=\"elementor-container elementor-column-gap-no\">\n\t\t\t\t\t<div class=\"elementor-column elementor-col-100 elementor-top-column elementor-element elementor-element-60c9908a\" data-id=\"60c9908a\" data-element_type=\"column\">\n\t\t\t<div class=\"elementor-widget-wrap elementor-element-populated\">\n\t\t\t\t\t\t<div class=\"elementor-element elementor-element-4a7511f elementor-widget elementor-widget-text-editor\" data-id=\"4a7511f\" data-element_type=\"widget\" data-widget_type=\"text-editor.default\">\n\t\t\t\t<div class=\"elementor-widget-container\">\n\t\t\t\t\t\t\t\t\t<h3 style=\"text-align: right;\"><a href=\"http:\/\/www.datwebdigital.com\/DWD\/webdesign\/\">English<\/a><\/h3>\t\t\t\t\t\t\t\t<\/div>\n\t\t\t\t<\/div>\n\t\t\t\t<section data-particle_enable=\"false\" data-particle-mobile-disabled=\"false\" class=\"elementor-section elementor-inner-section elementor-element elementor-element-63bc2259 elementor-section-boxed elementor-section-height-default elementor-section-height-default\" data-id=\"63bc2259\" data-element_type=\"section\" data-settings=\"{&quot;background_background&quot;:&quot;classic&quot;}\">\n\t\t\t\t\t\t<div class=\"elementor-container elementor-column-gap-no\">\n\t\t\t\t\t<div class=\"elementor-column elementor-col-33 elementor-inner-column elementor-element elementor-element-33baf5e5\" data-id=\"33baf5e5\" data-element_type=\"column\" data-settings=\"{&quot;background_background&quot;:&quot;classic&quot;}\">\n\t\t\t<div class=\"elementor-widget-wrap elementor-element-populated\">\n\t\t\t\t\t\t<div class=\"elementor-element elementor-element-c3c7eae elementor-widget elementor-widget-image\" data-id=\"c3c7eae\" data-element_type=\"widget\" data-widget_type=\"image.default\">\n\t\t\t\t<div class=\"elementor-widget-container\">\n\t\t\t\t\t\t\t\t\t\t\t\t\t\t\t<img fetchpriority=\"high\" decoding=\"async\" width=\"341\" height=\"210\" src=\"https:\/\/www.datwebdigital.com\/DWD\/wp-content\/uploads\/2018\/12\/Untitled-1.jpg\" class=\"attachment-tc-grid size-tc-grid wp-image-2503 no-lazy\" alt=\"\" \/>\t\t\t\t\t\t\t\t\t\t\t\t\t\t\t<\/div>\n\t\t\t\t<\/div>\n\t\t\t\t<div class=\"elementor-element elementor-element-3176933c elementor-widget elementor-widget-text-editor\" data-id=\"3176933c\" data-element_type=\"widget\" data-widget_type=\"text-editor.default\">\n\t\t\t\t<div class=\"elementor-widget-container\">\n\t\t\t\t\t\t\t\t\t<h3><strong>Website Ventajas<\/strong><\/h3><ul><li>Tu empresa\/negocio esta abierto al mundo las 24 horas los 356 dias del a\u00f1o.<\/li><li>Es tu folleto online y carta de presentacion<\/li><li>Puedes alcanzar nuevos mercados en el mundo<\/li><li>Puedes tener un mejor servicio de atencion al cliente<\/li><li>Presenta a tu empresa con una imagen mas profesional<\/li><li>Puedes vender tus productos online<\/li><li>Puedes promover tus servicios<\/li><li>Puedes recabar y obtener informacion importante<\/li><li>Proporciona una instantanea gratificacion<\/li><li>Es una gran herramienta de reclutamiento<\/li><li>Aumenta tus consultas comerciales e ingresos<\/li><li>Mantiene a tu audiencia informada<\/li><li>Tu trabajo es mas eficiente<\/li><\/ul><h3><strong>\u00a0<\/strong><\/h3>\t\t\t\t\t\t\t\t<\/div>\n\t\t\t\t<\/div>\n\t\t\t\t\t<\/div>\n\t\t<\/div>\n\t\t\t\t<div class=\"elementor-column elementor-col-33 elementor-inner-column elementor-element elementor-element-2ecd3354\" data-id=\"2ecd3354\" data-element_type=\"column\" data-settings=\"{&quot;background_background&quot;:&quot;classic&quot;}\">\n\t\t\t<div class=\"elementor-widget-wrap elementor-element-populated\">\n\t\t\t\t\t\t<div class=\"elementor-element elementor-element-628f85ab elementor-widget elementor-widget-image\" data-id=\"628f85ab\" data-element_type=\"widget\" data-widget_type=\"image.default\">\n\t\t\t\t<div class=\"elementor-widget-container\">\n\t\t\t\t\t\t\t\t\t\t\t\t\t\t\t<img decoding=\"async\" width=\"341\" height=\"210\" src=\"https:\/\/www.datwebdigital.com\/DWD\/wp-content\/uploads\/2015\/04\/webdesign6.jpg\" class=\"attachment-tc-grid size-tc-grid wp-image-919 no-lazy\" alt=\"\" srcset=\"https:\/\/www.datwebdigital.com\/DWD\/wp-content\/uploads\/2015\/04\/webdesign6.jpg 341w, https:\/\/www.datwebdigital.com\/DWD\/wp-content\/uploads\/2015\/04\/webdesign6-250x154.jpg 250w\" sizes=\"(max-width: 341px) 100vw, 341px\" \/>\t\t\t\t\t\t\t\t\t\t\t\t\t\t\t<\/div>\n\t\t\t\t<\/div>\n\t\t\t\t<div class=\"elementor-element elementor-element-442270e2 elementor-widget elementor-widget-text-editor\" data-id=\"442270e2\" data-element_type=\"widget\" data-widget_type=\"text-editor.default\">\n\t\t\t\t<div class=\"elementor-widget-container\">\n\t\t\t\t\t\t\t\t\t<h3><strong>Sitios en WordPress <br \/><\/strong><\/h3><p>Los sitios hechos en WordPress son personalizados, pueden ser vistos en todos los dispositivos disponibles (celulares, tablets, computadoras) y se adaptan mejor para SEO.<\/p><p><strong>Las ventajas son:<\/strong><\/p><ul><li>Puede realizar f\u00e1cilmente cambios en el contenido sin necesidad de saber de c\u00f3digos.<\/li><li>Le permite subir o intercambiar im\u00e1genes f\u00e1cilmente.<\/li><li>El sitio est\u00e1 dise\u00f1ado para que pueda incorporar sus propias ideas en el dise\u00f1o.<\/li><li>Es propietario de los activos del sitio.<\/li><li>Responsive<\/li><\/ul><h3>\u00a0<\/h3>\t\t\t\t\t\t\t\t<\/div>\n\t\t\t\t<\/div>\n\t\t\t\t\t<\/div>\n\t\t<\/div>\n\t\t\t\t<div class=\"elementor-column elementor-col-33 elementor-inner-column elementor-element elementor-element-3b165f34\" data-id=\"3b165f34\" data-element_type=\"column\" data-settings=\"{&quot;background_background&quot;:&quot;classic&quot;}\">\n\t\t\t<div class=\"elementor-widget-wrap elementor-element-populated\">\n\t\t\t\t\t\t<div class=\"elementor-element elementor-element-212501ba elementor-widget elementor-widget-image\" data-id=\"212501ba\" data-element_type=\"widget\" data-widget_type=\"image.default\">\n\t\t\t\t<div class=\"elementor-widget-container\">\n\t\t\t\t\t\t\t\t\t\t\t\t\t\t\t<img decoding=\"async\" width=\"341\" height=\"210\" src=\"https:\/\/www.datwebdigital.com\/DWD\/wp-content\/uploads\/2018\/12\/Untitled-2.jpg\" class=\"attachment-tc-grid size-tc-grid wp-image-2504 no-lazy\" alt=\"\" \/>\t\t\t\t\t\t\t\t\t\t\t\t\t\t\t<\/div>\n\t\t\t\t<\/div>\n\t\t\t\t<div class=\"elementor-element elementor-element-545ade01 elementor-widget elementor-widget-text-editor\" data-id=\"545ade01\" data-element_type=\"widget\" data-widget_type=\"text-editor.default\">\n\t\t\t\t<div class=\"elementor-widget-container\">\n\t\t\t\t\t\t\t\t\t<h3><strong>Servicios Webdesign <br \/><\/strong><\/h3><ul><li>Dise\u00f1o Web<\/li><li>Sitios WordPress<\/li><li>Sitios Responsive Celular &amp; Tabletas<\/li><li>Migracion de WordPress<\/li><li>Dise\u00f1o Personalizado<\/li><li>Re-Dise\u00f1ado<\/li><li>Optimizacion<\/li><li>Desarrollo Web<\/li><li>Mantenimiento<\/li><li>Alojamiento (Hosting)<\/li><li><span id=\"result_box\" class=\"\" lang=\"es\"> <span class=\"\">Optimizaci\u00f3n Motores de Busqueda <\/span><\/span>(SEO)<\/li><li><span id=\"result_box\" class=\"\" lang=\"es\"><span class=\"\">Marketing en buscadores<\/span><\/span> (SEM)<\/li><li>Dise\u00f1o Grafico<\/li><li>Dise\u00f1o de Logo<\/li><li>Dise\u00f1o de Tarjetas<\/li><li>Dise\u00f1o de Folletos<\/li><li>Dise\u00f1o de Postales<\/li><li>Dise\u00f1o de Panfletos<\/li><li>Formularios en PDF<\/li><li>E-Commerce Basico<\/li><li>E-commerce Completo<\/li><li>Soporte y seguimiento de proyectos y mas&#8230;<\/li><\/ul>\t\t\t\t\t\t\t\t<\/div>\n\t\t\t\t<\/div>\n\t\t\t\t\t<\/div>\n\t\t<\/div>\n\t\t\t\t\t<\/div>\n\t\t<\/section>\n\t\t\t\t\t<\/div>\n\t\t<\/div>\n\t\t\t\t\t<\/div>\n\t\t<\/section>\n\t\t\t\t<section data-particle_enable=\"false\" data-particle-mobile-disabled=\"false\" class=\"elementor-section elementor-top-section elementor-element elementor-element-d54673b elementor-section-content-top elementor-section-boxed elementor-section-height-default elementor-section-height-default\" data-id=\"d54673b\" data-element_type=\"section\">\n\t\t\t\t\t\t<div class=\"elementor-container elementor-column-gap-no\">\n\t\t\t\t\t<div class=\"elementor-column elementor-col-100 elementor-top-column elementor-element elementor-element-083ca36\" data-id=\"083ca36\" data-element_type=\"column\">\n\t\t\t<div class=\"elementor-widget-wrap elementor-element-populated\">\n\t\t\t\t\t\t<div class=\"elementor-element elementor-element-525771f elementor-widget elementor-widget-text-editor\" data-id=\"525771f\" data-element_type=\"widget\" data-widget_type=\"text-editor.default\">\n\t\t\t\t<div class=\"elementor-widget-container\">\n\t\t\t\t\t\t\t\t\t<h3 style=\"text-align: right;\">\u00a0<\/h3>\t\t\t\t\t\t\t\t<\/div>\n\t\t\t\t<\/div>\n\t\t\t\t<section data-particle_enable=\"false\" data-particle-mobile-disabled=\"false\" class=\"elementor-section elementor-inner-section elementor-element elementor-element-fb56304 elementor-section-boxed elementor-section-height-default elementor-section-height-default\" data-id=\"fb56304\" data-element_type=\"section\" data-settings=\"{&quot;background_background&quot;:&quot;classic&quot;}\">\n\t\t\t\t\t\t<div class=\"elementor-container elementor-column-gap-no\">\n\t\t\t\t\t<div class=\"elementor-column elementor-col-33 elementor-inner-column elementor-element elementor-element-a82413f\" data-id=\"a82413f\" data-element_type=\"column\" data-settings=\"{&quot;background_background&quot;:&quot;classic&quot;}\">\n\t\t\t<div class=\"elementor-widget-wrap elementor-element-populated\">\n\t\t\t\t\t\t<div class=\"elementor-element elementor-element-cc4cb8a elementor-widget elementor-widget-image\" data-id=\"cc4cb8a\" data-element_type=\"widget\" data-widget_type=\"image.default\">\n\t\t\t\t<div class=\"elementor-widget-container\">\n\t\t\t\t\t\t\t\t\t\t\t\t\t\t\t<img loading=\"lazy\" decoding=\"async\" width=\"341\" height=\"210\" src=\"https:\/\/www.datwebdigital.com\/DWD\/wp-content\/uploads\/2018\/12\/Ecommerce_DWD.jpg\" class=\"attachment-tc-grid size-tc-grid wp-image-2627 no-lazy\" alt=\"\" \/>\t\t\t\t\t\t\t\t\t\t\t\t\t\t\t<\/div>\n\t\t\t\t<\/div>\n\t\t\t\t<div class=\"elementor-element elementor-element-d105b8c elementor-widget elementor-widget-text-editor\" data-id=\"d105b8c\" data-element_type=\"widget\" data-widget_type=\"text-editor.default\">\n\t\t\t\t<div class=\"elementor-widget-container\">\n\t\t\t\t\t\t\t\t\t<h3><strong>Ecommerce<\/strong><\/h3>\n\nLanzar una tienda online es s\u00f3lo el comienzo en el proceso de encontrar el \u00e9xito en la venta al por menor. Una estrategia bien planificada y bien ejecutada para atraer, monetizar y convertir a los compradores es lo que realmente impulsa el \u00e9xito.\n\nUtilizamos WooCommerce para configurar su sitio de comercio electr\u00f3nico. WooCommerce es la soluci\u00f3n m\u00e1s popular para desarrollar el sitio de comercio electr\u00f3nico en WordPress.\n<h4><span id=\"result_box\" class=\"\" lang=\"es\"><span class=\"\">Estas son algunas de las herramientas que utilizamos:<\/span><\/span><\/h4>\n<ul>\n \t<li><span id=\"result_box\" class=\"\" lang=\"es\"><span class=\"\">Correo de propaganda<\/span><\/span><\/li>\n \t<li><span id=\"result_box\" class=\"\" lang=\"es\">Optimizaci\u00f3n de motores de b\u00fasqueda<\/span><\/li>\n \t<li><span id=\"result_box\" class=\"\" lang=\"es\">Marketing Social y Avisos\n<\/span><\/li>\n \t<li><span id=\"result_box\" class=\"\" lang=\"es\">An\u00e1lisis competitivo<\/span><\/li>\n \t<li><span id=\"result_box\" class=\"\" lang=\"es\">Desarrollo de contenido<\/span><\/li>\n \t<li><span id=\"result_box\" class=\"\" lang=\"es\">Perspectivas del cliente<\/span><\/li>\n \t<li><span id=\"result_box\" class=\"\" lang=\"es\">Experiencia de usuario<\/span><\/li>\n<\/ul>\n<h3><strong>\u00a0<\/strong><\/h3>\n<h3><strong>\u00a0<\/strong><\/h3>\t\t\t\t\t\t\t\t<\/div>\n\t\t\t\t<\/div>\n\t\t\t\t\t<\/div>\n\t\t<\/div>\n\t\t\t\t<div class=\"elementor-column elementor-col-33 elementor-inner-column elementor-element elementor-element-5265243\" data-id=\"5265243\" data-element_type=\"column\" data-settings=\"{&quot;background_background&quot;:&quot;classic&quot;}\">\n\t\t\t<div class=\"elementor-widget-wrap elementor-element-populated\">\n\t\t\t\t\t\t<div class=\"elementor-element elementor-element-386c8c6 elementor-widget elementor-widget-image\" data-id=\"386c8c6\" data-element_type=\"widget\" data-widget_type=\"image.default\">\n\t\t\t\t<div class=\"elementor-widget-container\">\n\t\t\t\t\t\t\t\t\t\t\t\t\t\t\t<img loading=\"lazy\" decoding=\"async\" width=\"341\" height=\"210\" src=\"https:\/\/www.datwebdigital.com\/DWD\/wp-content\/uploads\/2018\/12\/DWD-Responsive.jpg\" class=\"attachment-tc-grid size-tc-grid wp-image-2533 no-lazy\" alt=\"\" \/>\t\t\t\t\t\t\t\t\t\t\t\t\t\t\t<\/div>\n\t\t\t\t<\/div>\n\t\t\t\t<div class=\"elementor-element elementor-element-8007536 elementor-widget elementor-widget-text-editor\" data-id=\"8007536\" data-element_type=\"widget\" data-widget_type=\"text-editor.default\">\n\t\t\t\t<div class=\"elementor-widget-container\">\n\t\t\t\t\t\t\t\t\t<h3><strong>SEO\n<\/strong><\/h3>\n<span id=\"result_box\" class=\"\" lang=\"es\"><span class=\"\">El objetivo de SEO es aumentar la visibilidad de su sitio en los motores de b\u00fasqueda, como Google, Yahoo!<\/span> o Bing. <span class=\"\">Aqu\u00ed en <strong>DatWebDigital<\/strong> nos aseguraremos de que su sitio web sea f\u00e1cil de encontrar para su audiencia.<\/span><\/span>\n<h4><span id=\"result_box\" class=\"short_text\" lang=\"es\"><span class=\"\">Aspectos a tener en cuenta<\/span><\/span><\/h4>\n<ul>\n \t<li><strong><span id=\"result_box\" class=\"short_text\" lang=\"es\"><span class=\"\">SEO lleva tiempo<\/span><\/span>\n<\/strong><span id=\"result_box\" class=\"\" lang=\"es\"><span class=\"\">El valor real de los resultados de SEO, generalmente, no se obtienen en los primeros meses de iniciado el proceso.<\/span> Los SEO no agitan una varita m\u00e1gica y obtienen resultados instant\u00e1neos.<\/span><\/li>\n \t<li><strong><span id=\"result_box\" class=\"short_text\" lang=\"es\"><span class=\"\">No todos los servicios de SEO se crean iguales<\/span><\/span><\/strong>\n<span id=\"result_box\" class=\"\" lang=\"es\"><span class=\"\">SEO no se trata de compras por los precios m\u00e1s bajos.<\/span><\/span><\/li>\n \t<li><strong><span id=\"result_box\" class=\"short_text\" lang=\"es\"><span class=\"\">SEO es importante.<\/span> Hazlo<\/span>\n<\/strong><span id=\"result_box\" class=\"\" lang=\"es\"><span class=\"\">El punto de su sitio web es aumentar y \/ o mejorar su negocio.<\/span><\/span><\/li>\n<\/ul>\n<h3>SEO<\/h3>\n<span id=\"result_box\" class=\"\" lang=\"es\">Setup inicial gratis!\nUd puede cancelar en cualquier momento\nInformes mensuales<\/span>\n<h3><a title=\"Contact Us\" href=\"http:\/\/www.datwebdigital.com\/DWD\/contact-2\"><span id=\"result_box\" class=\"short_text\" lang=\"es\"><span class=\"\">Obtenga su cotizaci\u00f3n aqui!<\/span><\/span><\/a><\/h3>\t\t\t\t\t\t\t\t<\/div>\n\t\t\t\t<\/div>\n\t\t\t\t\t<\/div>\n\t\t<\/div>\n\t\t\t\t<div class=\"elementor-column elementor-col-33 elementor-inner-column elementor-element elementor-element-114f1be\" data-id=\"114f1be\" data-element_type=\"column\" data-settings=\"{&quot;background_background&quot;:&quot;classic&quot;}\">\n\t\t\t<div class=\"elementor-widget-wrap elementor-element-populated\">\n\t\t\t\t\t\t<div class=\"elementor-element elementor-element-598ee29 elementor-widget elementor-widget-image\" data-id=\"598ee29\" data-element_type=\"widget\" data-widget_type=\"image.default\">\n\t\t\t\t<div class=\"elementor-widget-container\">\n\t\t\t\t\t\t\t\t\t\t\t\t\t\t\t<img loading=\"lazy\" decoding=\"async\" width=\"341\" height=\"210\" src=\"https:\/\/www.datwebdigital.com\/DWD\/wp-content\/uploads\/2018\/12\/Socialmedia_surf_DWD.jpg\" class=\"attachment-tc-grid size-tc-grid wp-image-2628 no-lazy\" alt=\"\" \/>\t\t\t\t\t\t\t\t\t\t\t\t\t\t\t<\/div>\n\t\t\t\t<\/div>\n\t\t\t\t<div class=\"elementor-element elementor-element-42abe68 elementor-widget elementor-widget-text-editor\" data-id=\"42abe68\" data-element_type=\"widget\" data-widget_type=\"text-editor.default\">\n\t\t\t\t<div class=\"elementor-widget-container\">\n\t\t\t\t\t\t\t\t\t<h3><strong>Redes Sociales<\/strong><\/h3><p>Este tipo de acceso, permitiendo que las marcas y las empresas interact\u00faen con sus clientes online es un gran boom para las organizaciones, ya que les proporciona datos e informaci\u00f3n sobre las preferencias de los consumidores en tiempo real, algo que no hubiera sido posible en el pasado. <\/p><p>Servicios para configurar cuentas de su empresa en Facebook, Google+, Twitter, Instagram, You Tube y LinkedIn. En Facebook: Incluye su logo, hasta 25 fotografias, con subt\u00edtulos para SEO y enlaces a su sitio web. En Twitter: Fondo personalizado.<\/p><p>Para otras opciones de actualizaciones, como blog, art\u00edculos o actualizaciones diarias, videos, etc., p\u00f3ngase en contacto con nosotros.<\/p>\t\t\t\t\t\t\t\t<\/div>\n\t\t\t\t<\/div>\n\t\t\t\t\t<\/div>\n\t\t<\/div>\n\t\t\t\t\t<\/div>\n\t\t<\/section>\n\t\t\t\t\t<\/div>\n\t\t<\/div>\n\t\t\t\t\t<\/div>\n\t\t<\/section>\n\t\t\t\t<section data-particle_enable=\"false\" data-particle-mobile-disabled=\"false\" class=\"elementor-section elementor-top-section elementor-element elementor-element-8497b5d elementor-section-boxed elementor-section-height-default elementor-section-height-default\" data-id=\"8497b5d\" data-element_type=\"section\">\n\t\t\t\t\t\t<div class=\"elementor-container elementor-column-gap-default\">\n\t\t\t\t\t<div class=\"elementor-column elementor-col-100 elementor-top-column elementor-element elementor-element-e189c81\" data-id=\"e189c81\" data-element_type=\"column\">\n\t\t\t<div class=\"elementor-widget-wrap elementor-element-populated\">\n\t\t\t\t\t\t<div class=\"elementor-element elementor-element-ac1a010 elementor-widget elementor-widget-text-editor\" data-id=\"ac1a010\" data-element_type=\"widget\" data-widget_type=\"text-editor.default\">\n\t\t\t\t<div class=\"elementor-widget-container\">\n\t\t\t\t\t\t\t\t\t<h3>\u00a0<\/h3>\t\t\t\t\t\t\t\t<\/div>\n\t\t\t\t<\/div>\n\t\t\t\t\t<\/div>\n\t\t<\/div>\n\t\t\t\t\t<\/div>\n\t\t<\/section>\n\t\t\t\t<section data-particle_enable=\"false\" data-particle-mobile-disabled=\"false\" class=\"elementor-section elementor-top-section elementor-element elementor-element-66a8b7f elementor-section-boxed elementor-section-height-default elementor-section-height-default\" data-id=\"66a8b7f\" data-element_type=\"section\">\n\t\t\t\t\t\t<div class=\"elementor-container elementor-column-gap-default\">\n\t\t\t\t\t<div class=\"elementor-column elementor-col-100 elementor-top-column elementor-element elementor-element-6e11ee9\" data-id=\"6e11ee9\" data-element_type=\"column\">\n\t\t\t<div class=\"elementor-widget-wrap elementor-element-populated\">\n\t\t\t\t\t\t<div class=\"elementor-element elementor-element-765640f elementor-widget elementor-widget-image\" data-id=\"765640f\" data-element_type=\"widget\" data-widget_type=\"image.default\">\n\t\t\t\t<div class=\"elementor-widget-container\">\n\t\t\t\t\t\t\t\t\t\t\t\t\t\t\t<img loading=\"lazy\" decoding=\"async\" width=\"850\" height=\"476\" src=\"https:\/\/www.datwebdigital.com\/DWD\/wp-content\/uploads\/2019\/03\/DatWebDigital_Responsive_850x476A.jpg\" class=\"attachment-large size-large wp-image-2719 no-lazy\" alt=\"\" srcset=\"https:\/\/www.datwebdigital.com\/DWD\/wp-content\/uploads\/2019\/03\/DatWebDigital_Responsive_850x476A.jpg 850w, https:\/\/www.datwebdigital.com\/DWD\/wp-content\/uploads\/2019\/03\/DatWebDigital_Responsive_850x476A-600x336.jpg 600w, https:\/\/www.datwebdigital.com\/DWD\/wp-content\/uploads\/2019\/03\/DatWebDigital_Responsive_850x476A-250x141.jpg 250w, https:\/\/www.datwebdigital.com\/DWD\/wp-content\/uploads\/2019\/03\/DatWebDigital_Responsive_850x476A-768x430.jpg 768w\" sizes=\"(max-width: 850px) 100vw, 850px\" \/>\t\t\t\t\t\t\t\t\t\t\t\t\t\t\t<\/div>\n\t\t\t\t<\/div>\n\t\t\t\t\t<\/div>\n\t\t<\/div>\n\t\t\t\t\t<\/div>\n\t\t<\/section>\n\t\t\t\t<section data-particle_enable=\"false\" data-particle-mobile-disabled=\"false\" class=\"elementor-section elementor-top-section elementor-element elementor-element-63afe3d elementor-section-boxed elementor-section-height-default elementor-section-height-default\" data-id=\"63afe3d\" data-element_type=\"section\">\n\t\t\t\t\t\t<div class=\"elementor-container elementor-column-gap-default\">\n\t\t\t\t\t<div class=\"elementor-column elementor-col-100 elementor-top-column elementor-element elementor-element-d85881b\" data-id=\"d85881b\" data-element_type=\"column\">\n\t\t\t<div class=\"elementor-widget-wrap elementor-element-populated\">\n\t\t\t\t\t\t<div class=\"elementor-element elementor-element-c7edbe1 elementor-widget elementor-widget-text-editor\" data-id=\"c7edbe1\" data-element_type=\"widget\" data-widget_type=\"text-editor.default\">\n\t\t\t\t<div class=\"elementor-widget-container\">\n\t\t\t\t\t\t\t\t\t<h4>Nosotros podemos ayudarlo con cualquier necesidad que Ud tenga para internet!<\/h4><h3>Soporte 24\/7<\/h3><h4><strong><span id=\"result_box\" class=\"\" lang=\"es\"><span class=\"\">ESTIMADO GRATIS -&gt; <\/span><\/span><\/strong><a href=\"http:\/\/www.datwebdigital.com\/DWD\/contactenos-2\/\"><strong>CLICK AQUI<\/strong><\/a><\/h4><h3><strong><span style=\"font-size: 14pt;\">949. 235 . 4897<\/span><br \/><\/strong><\/h3><h4>\u00a0<\/h4><h3>\u00a0<\/h3>\t\t\t\t\t\t\t\t<\/div>\n\t\t\t\t<\/div>\n\t\t\t\t\t<\/div>\n\t\t<\/div>\n\t\t\t\t\t<\/div>\n\t\t<\/section>\n\t\t\t\t<\/div>\n\t\t","protected":false},"excerpt":{"rendered":"<p>English Website Ventajas Tu empresa\/negocio esta abierto al mundo las 24 horas los 356 dias del a\u00f1o. Es tu folleto online y carta de presentacion Puedes alcanzar nuevos mercados en el mundo Puedes tener un mejor servicio de atencion al cliente Presenta a tu empresa con una imagen mas profesional Puedes vender tus productos online&hellip;<\/p>\n","protected":false},"author":1,"featured_media":0,"parent":0,"menu_order":0,"comment_status":"closed","ping_status":"closed","template":"","meta":{"footnotes":""},"class_list":["post-2506","page","type-page","status-publish","czr-hentry"],"_links":{"self":[{"href":"https:\/\/www.datwebdigital.com\/DWD\/wp-json\/wp\/v2\/pages\/2506","targetHints":{"allow":["GET"]}}],"collection":[{"href":"https:\/\/www.datwebdigital.com\/DWD\/wp-json\/wp\/v2\/pages"}],"about":[{"href":"https:\/\/www.datwebdigital.com\/DWD\/wp-json\/wp\/v2\/types\/page"}],"author":[{"embeddable":true,"href":"https:\/\/www.datwebdigital.com\/DWD\/wp-json\/wp\/v2\/users\/1"}],"replies":[{"embeddable":true,"href":"https:\/\/www.datwebdigital.com\/DWD\/wp-json\/wp\/v2\/comments?post=2506"}],"version-history":[{"count":0,"href":"https:\/\/www.datwebdigital.com\/DWD\/wp-json\/wp\/v2\/pages\/2506\/revisions"}],"wp:attachment":[{"href":"https:\/\/www.datwebdigital.com\/DWD\/wp-json\/wp\/v2\/media?parent=2506"}],"curies":[{"name":"wp","href":"https:\/\/api.w.org\/{rel}","templated":true}]}}