{"id":2412,"date":"2018-12-20T19:09:23","date_gmt":"2018-12-21T02:09:23","guid":{"rendered":"https:\/\/www.datwebdigital.com\/DWD\/?page_id=2412"},"modified":"2018-12-21T11:46:50","modified_gmt":"2018-12-21T18:46:50","slug":"graphic-design-2-2","status":"publish","type":"page","link":"https:\/\/www.datwebdigital.com\/DWD\/graphic-design-2-2\/","title":{"rendered":"Dise\u00f1o Gr\u00e1fico"},"content":{"rendered":"\t\t<div data-elementor-type=\"wp-post\" data-elementor-id=\"2412\" class=\"elementor elementor-2412 elementor-bc-flex-widget\" data-elementor-post-type=\"page\">\n\t\t\t\t\t\t<section data-particle_enable=\"false\" data-particle-mobile-disabled=\"false\" class=\"elementor-section elementor-top-section elementor-element elementor-element-41f8417 elementor-section-boxed elementor-section-height-default elementor-section-height-default\" data-id=\"41f8417\" data-element_type=\"section\">\n\t\t\t\t\t\t<div class=\"elementor-container elementor-column-gap-default\">\n\t\t\t\t\t<div class=\"elementor-column elementor-col-100 elementor-top-column elementor-element elementor-element-ca392b2\" data-id=\"ca392b2\" data-element_type=\"column\">\n\t\t\t<div class=\"elementor-widget-wrap elementor-element-populated\">\n\t\t\t\t\t\t<div class=\"elementor-element elementor-element-6593c6f elementor-widget elementor-widget-text-editor\" data-id=\"6593c6f\" data-element_type=\"widget\" data-widget_type=\"text-editor.default\">\n\t\t\t\t<div class=\"elementor-widget-container\">\n\t\t\t\t\t\t\t\t\t\n\n\n\n<p style=\"text-align: right;\"><a href=\"http:\/\/www.datwebdigital.com\/DWD\/graphic-design-2\/\"><b>ENGLISH<\/b><\/a><\/p>\t\t\t\t\t\t\t\t<\/div>\n\t\t\t\t<\/div>\n\t\t\t\t\t<\/div>\n\t\t<\/div>\n\t\t\t\t\t<\/div>\n\t\t<\/section>\n\t\t\t\t<section data-particle_enable=\"false\" data-particle-mobile-disabled=\"false\" class=\"elementor-section elementor-top-section elementor-element elementor-element-b33d5ea elementor-section-boxed elementor-section-height-default elementor-section-height-default\" data-id=\"b33d5ea\" data-element_type=\"section\">\n\t\t\t\t\t\t<div class=\"elementor-container elementor-column-gap-default\">\n\t\t\t\t\t<div class=\"elementor-column elementor-col-33 elementor-top-column elementor-element elementor-element-0736ee0\" data-id=\"0736ee0\" data-element_type=\"column\">\n\t\t\t<div class=\"elementor-widget-wrap elementor-element-populated\">\n\t\t\t\t\t\t<div class=\"elementor-element elementor-element-8eee2a8 elementor-widget elementor-widget-text-editor\" data-id=\"8eee2a8\" data-element_type=\"widget\" data-widget_type=\"text-editor.default\">\n\t\t\t\t<div class=\"elementor-widget-container\">\n\t\t\t\t\t\t\t\t\t<h2><span style=\"font-size: 14pt;\"><a href=\"http:\/\/www.datwebdigital.com\/DWD\/wp-content\/uploads\/2012\/06\/logo-design.jpg\"><img fetchpriority=\"high\" decoding=\"async\" class=\"alignnone size-medium wp-image-1731\" src=\"http:\/\/www.datwebdigital.com\/DWD\/wp-content\/uploads\/2012\/06\/logo-design-850x478.jpg\" alt=\"\" width=\"850\" height=\"478\" srcset=\"https:\/\/www.datwebdigital.com\/DWD\/wp-content\/uploads\/2012\/06\/logo-design-850x478.jpg 850w, https:\/\/www.datwebdigital.com\/DWD\/wp-content\/uploads\/2012\/06\/logo-design-250x141.jpg 250w\" sizes=\"(max-width: 850px) 100vw, 850px\" \/><\/a>Dise\u00f1o de Logo<\/span><\/h2><p>Trabajaremos junto a Ud para crear un logo exclusivo para su negocio o empresa con el cual Ud. se identifique y sea un simbolo de su compa\u00f1ia.<\/p>\t\t\t\t\t\t\t\t<\/div>\n\t\t\t\t<\/div>\n\t\t\t\t\t<\/div>\n\t\t<\/div>\n\t\t\t\t<div class=\"elementor-column elementor-col-33 elementor-top-column elementor-element elementor-element-daddbfc\" data-id=\"daddbfc\" data-element_type=\"column\">\n\t\t\t<div class=\"elementor-widget-wrap elementor-element-populated\">\n\t\t\t\t\t\t<div class=\"elementor-element elementor-element-02496e2 elementor-widget elementor-widget-text-editor\" data-id=\"02496e2\" data-element_type=\"widget\" data-widget_type=\"text-editor.default\">\n\t\t\t\t<div class=\"elementor-widget-container\">\n\t\t\t\t\t\t\t\t\t<h2><span style=\"font-size: 14pt;\"><a href=\"http:\/\/www.datwebdigital.com\/DWD\/wp-content\/uploads\/2018\/12\/blue-geometric-banner-with-ribbons_1201-491-e1545417268205.jpg\"><img decoding=\"async\" class=\"alignnone size-medium wp-image-2404\" src=\"http:\/\/www.datwebdigital.com\/DWD\/wp-content\/uploads\/2018\/12\/blue-geometric-banner-with-ribbons_1201-491-e1545417268205-626x478.jpg\" alt=\"\" width=\"626\" height=\"478\" \/><\/a>Dise\u00f1o de Banner <br \/><\/span><\/h2><p>Tambien creamos cualquier clase de banner y en varios tama\u00f1os para su website o promocion grafica de su compa\u00f1ia y sus productos.<\/p>\t\t\t\t\t\t\t\t<\/div>\n\t\t\t\t<\/div>\n\t\t\t\t\t<\/div>\n\t\t<\/div>\n\t\t\t\t<div class=\"elementor-column elementor-col-33 elementor-top-column elementor-element elementor-element-d1dd5df\" data-id=\"d1dd5df\" data-element_type=\"column\">\n\t\t\t<div class=\"elementor-widget-wrap elementor-element-populated\">\n\t\t\t\t\t\t<div class=\"elementor-element elementor-element-ab9a7d3 elementor-widget elementor-widget-text-editor\" data-id=\"ab9a7d3\" data-element_type=\"widget\" data-widget_type=\"text-editor.default\">\n\t\t\t\t<div class=\"elementor-widget-container\">\n\t\t\t\t\t\t\t\t\t<h2><span style=\"font-size: 14pt;\"><a href=\"http:\/\/www.datwebdigital.com\/DWD\/wp-content\/uploads\/2018\/12\/business-brochure-template-with-green-geometric-shapes_1407-376.jpg\"><img decoding=\"async\" class=\"alignnone size-medium wp-image-2402\" src=\"http:\/\/www.datwebdigital.com\/DWD\/wp-content\/uploads\/2018\/12\/business-brochure-template-with-green-geometric-shapes_1407-376-626x478.jpg\" alt=\"\" width=\"626\" height=\"478\" \/><\/a>Dise\u00f1o de Catalogos<\/span><\/h2><p>Los folletos son una herramienta esencial de marketing para su negocio o empresa. Creamos folletos atractivos y profesionales para promocion y captacion de nuevos clientes.<\/p>\t\t\t\t\t\t\t\t<\/div>\n\t\t\t\t<\/div>\n\t\t\t\t\t<\/div>\n\t\t<\/div>\n\t\t\t\t\t<\/div>\n\t\t<\/section>\n\t\t\t\t<section data-particle_enable=\"false\" data-particle-mobile-disabled=\"false\" class=\"elementor-section elementor-top-section elementor-element elementor-element-27681a1 elementor-section-boxed elementor-section-height-default elementor-section-height-default\" data-id=\"27681a1\" data-element_type=\"section\">\n\t\t\t\t\t\t<div class=\"elementor-container elementor-column-gap-default\">\n\t\t\t\t\t<div class=\"elementor-column elementor-col-33 elementor-top-column elementor-element elementor-element-df7e580\" data-id=\"df7e580\" data-element_type=\"column\">\n\t\t\t<div class=\"elementor-widget-wrap elementor-element-populated\">\n\t\t\t\t\t\t<div class=\"elementor-element elementor-element-1d0f24b elementor-widget elementor-widget-text-editor\" data-id=\"1d0f24b\" data-element_type=\"widget\" data-widget_type=\"text-editor.default\">\n\t\t\t\t<div class=\"elementor-widget-container\">\n\t\t\t\t\t\t\t\t\t<h2 data-userway-font-size=\"32\"><span style=\"font-size: 14pt;\"><a href=\"http:\/\/www.datwebdigital.com\/DWD\/wp-content\/uploads\/2018\/12\/hqdefault.jpg\"><img loading=\"lazy\" decoding=\"async\" class=\"alignnone size-full wp-image-2403\" src=\"http:\/\/www.datwebdigital.com\/DWD\/wp-content\/uploads\/2018\/12\/hqdefault.jpg\" alt=\"\" width=\"480\" height=\"360\" \/><\/a>Formularios en PDF<\/span><\/h2><p><span class=\"st\">Hacemos formularios en PDF o en Word para descargar online y completar por sus clientes facilmente sin necesidad de imprimirlos.<\/span><\/p>\t\t\t\t\t\t\t\t<\/div>\n\t\t\t\t<\/div>\n\t\t\t\t\t<\/div>\n\t\t<\/div>\n\t\t\t\t<div class=\"elementor-column elementor-col-33 elementor-top-column elementor-element elementor-element-94dbe4d\" data-id=\"94dbe4d\" data-element_type=\"column\">\n\t\t\t<div class=\"elementor-widget-wrap elementor-element-populated\">\n\t\t\t\t\t\t<div class=\"elementor-element elementor-element-8867d85 elementor-widget elementor-widget-text-editor\" data-id=\"8867d85\" data-element_type=\"widget\" data-widget_type=\"text-editor.default\">\n\t\t\t\t<div class=\"elementor-widget-container\">\n\t\t\t\t\t\t\t\t\t<h2 data-userway-font-size=\"32\"><span style=\"font-size: 14pt;\"><a href=\"http:\/\/www.datwebdigital.com\/DWD\/wp-content\/uploads\/2018\/12\/black-and-white-business-card-with-red-details_1389-160.jpg\"><img loading=\"lazy\" decoding=\"async\" class=\"alignnone size-medium wp-image-2405\" src=\"http:\/\/www.datwebdigital.com\/DWD\/wp-content\/uploads\/2018\/12\/black-and-white-business-card-with-red-details_1389-160-626x478.jpg\" alt=\"\" width=\"626\" height=\"478\" \/><\/a>Dise\u00f1o de tarjetas<\/span><\/h2><p><span class=\"st\">Su tarjeta personal o de su empresa es otra herramienta de promocion poderosa. Dise\u00f1amos su tarjeta profesionalmente con la imagen de su compa\u00f1ia.<\/span><\/p>\t\t\t\t\t\t\t\t<\/div>\n\t\t\t\t<\/div>\n\t\t\t\t\t<\/div>\n\t\t<\/div>\n\t\t\t\t<div class=\"elementor-column elementor-col-33 elementor-top-column elementor-element elementor-element-b82012b\" data-id=\"b82012b\" data-element_type=\"column\">\n\t\t\t<div class=\"elementor-widget-wrap elementor-element-populated\">\n\t\t\t\t\t\t<div class=\"elementor-element elementor-element-1af96ac elementor-widget elementor-widget-text-editor\" data-id=\"1af96ac\" data-element_type=\"widget\" data-widget_type=\"text-editor.default\">\n\t\t\t\t<div class=\"elementor-widget-container\">\n\t\t\t\t\t\t\t\t\t<h2 data-userway-font-size=\"32\"><span style=\"font-size: 14pt;\"><a href=\"http:\/\/www.datwebdigital.com\/DWD\/wp-content\/uploads\/2018\/12\/postcards.jpg\"><img loading=\"lazy\" decoding=\"async\" class=\"alignnone size-medium wp-image-2406\" src=\"http:\/\/www.datwebdigital.com\/DWD\/wp-content\/uploads\/2018\/12\/postcards-850x478.jpg\" alt=\"\" width=\"850\" height=\"478\" srcset=\"https:\/\/www.datwebdigital.com\/DWD\/wp-content\/uploads\/2018\/12\/postcards-850x478.jpg 850w, https:\/\/www.datwebdigital.com\/DWD\/wp-content\/uploads\/2018\/12\/postcards-250x141.jpg 250w\" sizes=\"(max-width: 850px) 100vw, 850px\" \/><\/a>Dise\u00f1o de postales<\/span><\/h2><p><span class=\"st\">Las postales de promocion son fundamentales para lograr la atraccion de nuevos clientes o para recordar a los existentes de sus nuevas promociones. Dise\u00f1amos su postal con una gran variedad de alternativas.<br \/><\/span><\/p>\t\t\t\t\t\t\t\t<\/div>\n\t\t\t\t<\/div>\n\t\t\t\t\t<\/div>\n\t\t<\/div>\n\t\t\t\t\t<\/div>\n\t\t<\/section>\n\t\t\t\t<\/div>\n\t\t","protected":false},"excerpt":{"rendered":"<p>ENGLISH Dise\u00f1o de Logo Trabajaremos junto a Ud para crear un logo exclusivo para su negocio o empresa con el cual Ud. se identifique y sea un simbolo de su compa\u00f1ia. Dise\u00f1o de Banner Tambien creamos cualquier clase de banner y en varios tama\u00f1os para su website o promocion grafica de su compa\u00f1ia y sus&hellip;<\/p>\n","protected":false},"author":1,"featured_media":0,"parent":0,"menu_order":0,"comment_status":"closed","ping_status":"closed","template":"","meta":{"footnotes":""},"class_list":["post-2412","page","type-page","status-publish","czr-hentry"],"_links":{"self":[{"href":"https:\/\/www.datwebdigital.com\/DWD\/wp-json\/wp\/v2\/pages\/2412","targetHints":{"allow":["GET"]}}],"collection":[{"href":"https:\/\/www.datwebdigital.com\/DWD\/wp-json\/wp\/v2\/pages"}],"about":[{"href":"https:\/\/www.datwebdigital.com\/DWD\/wp-json\/wp\/v2\/types\/page"}],"author":[{"embeddable":true,"href":"https:\/\/www.datwebdigital.com\/DWD\/wp-json\/wp\/v2\/users\/1"}],"replies":[{"embeddable":true,"href":"https:\/\/www.datwebdigital.com\/DWD\/wp-json\/wp\/v2\/comments?post=2412"}],"version-history":[{"count":0,"href":"https:\/\/www.datwebdigital.com\/DWD\/wp-json\/wp\/v2\/pages\/2412\/revisions"}],"wp:attachment":[{"href":"https:\/\/www.datwebdigital.com\/DWD\/wp-json\/wp\/v2\/media?parent=2412"}],"curies":[{"name":"wp","href":"https:\/\/api.w.org\/{rel}","templated":true}]}}