{"id":1895,"date":"2017-09-15T23:17:23","date_gmt":"2017-09-16T06:17:23","guid":{"rendered":"https:\/\/www.datwebdigital.com\/DWD\/?page_id=1895"},"modified":"2018-12-22T18:53:17","modified_gmt":"2018-12-23T01:53:17","slug":"optimizacion-motores-busqueda","status":"publish","type":"page","link":"https:\/\/www.datwebdigital.com\/DWD\/optimizacion-motores-busqueda\/","title":{"rendered":"Optimizaci\u00f3n Motores Busqueda"},"content":{"rendered":"<h3 style=\"text-align: right;\"><a href=\"https:\/\/www.datwebdigital.com\/DWD\/seo\/\"><span id=\"result_box\" class=\"\" lang=\"es\"><span class=\"\">ENGLISH<\/span><\/span><\/a><\/h3>\n<h3><span id=\"result_box\" class=\"\" lang=\"es\"><span class=\"\">La optimizaci\u00f3n para Motor de Busqueda (SEO) es un proceso vital una vez que usted ha terminado las fases del dise\u00f1o y del desarrollo de su Web site.<\/span><\/span><\/h3>\n<h3><strong>Que es exactamente SEO?<\/strong><\/h3>\n<p><span id=\"result_box\" class=\"\" lang=\"es\"><span class=\"\">El objetivo es aumentar la visibilidad de su sitio en los motores de b\u00fasqueda, como Google, Yahoo!<\/span> o Bing. <span class=\"\">Aqu\u00ed en <strong>DatWebDigital<\/strong> nos aseguraremos de que su sitio web sea f\u00e1cil de encontrar para su audiencia.<\/span><\/span><\/p>\n<p><span class=\"\">Como parte de hacer las cosas f\u00e1ciles para usted, nos quedamos en la parte superior de todas las actualizaciones de motores de b\u00fasqueda para que siempre puede ayudarle a ganar rankings m\u00e1s altos.<\/span><\/p>\n<p>Hagamos una peque\u00f1a prueba: siga adelante y escriba una palabra clave en Google que est\u00e9 relacionada con su oferta de productos o servicios. \u00bfSu sitio aparece en la primera p\u00e1gina? Si no aparece, su negocio se beneficiar\u00e1 con SEO.<\/p>\n<h3><span id=\"result_box\" class=\"short_text\" lang=\"es\"><span class=\"\">Cosas a tener en cuenta<\/span><\/span><\/h3>\n<ul>\n<li><strong><span id=\"result_box\" class=\"short_text\" lang=\"es\"><span class=\"\">SEO lleva tiempo<\/span><\/span><br \/>\n<\/strong><span id=\"result_box\" class=\"\" lang=\"es\"><span class=\"\">El valor real de los resultados de SEO, generalmente, no se obtienen en los primeros meses de iniciado el proceso.<\/span> Los SEO no agitan una varita m\u00e1gica y obtienen resultados instant\u00e1neos. En su lugar, realizan operaciones extensas que producir\u00e1n meses de resultados en el futuro.<\/span><\/li>\n<li><strong><span id=\"result_box\" class=\"short_text\" lang=\"es\"><span class=\"\">No todos los servicios de SEO se crean iguales<\/span><\/span><\/strong><br \/>\n<span id=\"result_box\" class=\"\" lang=\"es\"><span class=\"\">SEO no se trata de compras por los precios m\u00e1s bajos.<\/span><\/span><\/li>\n<li><strong><span id=\"result_box\" class=\"short_text\" lang=\"es\"><span class=\"\">SEO es importante.<\/span> Hazlo<\/span><br \/>\n<\/strong><span id=\"result_box\" class=\"\" lang=\"es\"><span class=\"\">El punto de su sitio web es aumentar y \/ o mejorar su negocio.<\/span><\/span><\/li>\n<\/ul>\n<h3>SEO<\/h3>\n<p><span id=\"result_box\" class=\"\" lang=\"es\">Setup inicial gratis!<br \/>\nUd puede cancelar en cualquier momento<br \/>\nInformes mensuales<\/span><\/p>\n<h3><a title=\"Contact Us\" href=\"https:\/\/www.datwebdigital.com\/DWD\/contact-2\"><span id=\"result_box\" class=\"short_text\" lang=\"es\"><span class=\"\">Obtenga una cotizaci\u00f3n r\u00e1pida!<\/span><\/span><\/a><\/h3>\n","protected":false},"excerpt":{"rendered":"<p>ENGLISH La optimizaci\u00f3n para Motor de Busqueda (SEO) es un proceso vital una vez que usted ha terminado las fases del dise\u00f1o y del desarrollo de su Web site. Que es exactamente SEO? El objetivo es aumentar la visibilidad de su sitio en los motores de b\u00fasqueda, como Google, Yahoo! o Bing. Aqu\u00ed en DatWebDigital&hellip;<\/p>\n","protected":false},"author":1,"featured_media":0,"parent":0,"menu_order":0,"comment_status":"closed","ping_status":"closed","template":"","meta":{"footnotes":""},"class_list":["post-1895","page","type-page","status-publish","czr-hentry"],"_links":{"self":[{"href":"https:\/\/www.datwebdigital.com\/DWD\/wp-json\/wp\/v2\/pages\/1895","targetHints":{"allow":["GET"]}}],"collection":[{"href":"https:\/\/www.datwebdigital.com\/DWD\/wp-json\/wp\/v2\/pages"}],"about":[{"href":"https:\/\/www.datwebdigital.com\/DWD\/wp-json\/wp\/v2\/types\/page"}],"author":[{"embeddable":true,"href":"https:\/\/www.datwebdigital.com\/DWD\/wp-json\/wp\/v2\/users\/1"}],"replies":[{"embeddable":true,"href":"https:\/\/www.datwebdigital.com\/DWD\/wp-json\/wp\/v2\/comments?post=1895"}],"version-history":[{"count":0,"href":"https:\/\/www.datwebdigital.com\/DWD\/wp-json\/wp\/v2\/pages\/1895\/revisions"}],"wp:attachment":[{"href":"https:\/\/www.datwebdigital.com\/DWD\/wp-json\/wp\/v2\/media?parent=1895"}],"curies":[{"name":"wp","href":"https:\/\/api.w.org\/{rel}","templated":true}]}}