{"id":1885,"date":"2017-09-15T22:43:11","date_gmt":"2017-09-16T05:43:11","guid":{"rendered":"https:\/\/www.datwebdigital.com\/DWD\/?page_id=1885"},"modified":"2019-03-19T14:51:44","modified_gmt":"2019-03-19T21:51:44","slug":"redes-sociales","status":"publish","type":"page","link":"https:\/\/www.datwebdigital.com\/DWD\/redes-sociales\/","title":{"rendered":"DM &#038; Redes Sociales"},"content":{"rendered":"<h3 style=\"text-align: right;\"><a href=\"https:\/\/www.datwebdigital.com\/DWD\/webdesign\/social-media-marketing\/\"><strong><span id=\"result_box\" class=\"short_text\" lang=\"es\"><span class=\"\">ENGLISH<\/span><\/span><\/strong><\/a><\/h3>\n<h3><strong>DIGITAL MARKETING<\/strong><\/h3>\n<p><strong>Online marketing<\/strong><\/p>\n<ol>\n<li>Search engine optimization (SEO)<\/li>\n<li>Search engine marketing (SEM)<\/li>\n<li>Content marketing<\/li>\n<li>Social Media Marketing (SMM)<\/li>\n<li>Pay-per-click advertising (PPC)<\/li>\n<li>Affiliate marketing<\/li>\n<li>Email marketing<\/li>\n<\/ol>\n<p><strong>Offline marketing<\/strong><\/p>\n<ol>\n<li>Enhanced offline marketing\n<ol>\n<li>Electronic billboards<\/li>\n<li>Digital product demos<\/li>\n<li>Digital product samples<\/li>\n<\/ol>\n<\/li>\n<li>Radio marketing\n<ol>\n<li>Radio commercials<\/li>\n<li>Show sponsoring<\/li>\n<\/ol>\n<\/li>\n<li>TV marketing\n<ol>\n<li>TV commercials<\/li>\n<li>Tele-shopping<\/li>\n<li>Super Bowl commercials<\/li>\n<\/ol>\n<\/li>\n<li>Phone marketing\n<ol>\n<li>Cold calling<\/li>\n<li>Text message marketing (giveaways, coupons, loyalty programs)<\/li>\n<li>QR codes<\/li>\n<\/ol>\n<\/li>\n<\/ol>\n<h3><strong><span id=\"result_box\" class=\"short_text\" lang=\"es\"><span class=\"\">Paginas Personalizadas en Redes Sociales<\/span><\/span><\/strong><\/h3>\n<p><a href=\"https:\/\/www.datwebdigital.com\/DWD\/wp-content\/uploads\/2012\/06\/social-media-marketing_.jpg\"><img fetchpriority=\"high\" decoding=\"async\" class=\"alignnone size-full wp-image-629\" src=\"https:\/\/www.datwebdigital.com\/DWD\/wp-content\/uploads\/2012\/06\/social-media-marketing_.jpg\" alt=\"social-media-marketing_\" width=\"329\" height=\"340\" srcset=\"https:\/\/www.datwebdigital.com\/DWD\/wp-content\/uploads\/2012\/06\/social-media-marketing_.jpg 329w, https:\/\/www.datwebdigital.com\/DWD\/wp-content\/uploads\/2012\/06\/social-media-marketing_-290x300.jpg 290w, https:\/\/www.datwebdigital.com\/DWD\/wp-content\/uploads\/2012\/06\/social-media-marketing_-250x258.jpg 250w, https:\/\/www.datwebdigital.com\/DWD\/wp-content\/uploads\/2012\/06\/social-media-marketing_-36x36.jpg 36w\" sizes=\"(max-width: 329px) 100vw, 329px\" \/><\/a><\/p>\n<h3>Los Beneficios<\/h3>\n<p><span id=\"result_box\" class=\"\" lang=\"es\"><span class=\"\">Este tipo de acceso, permitiendo que las marcas y las empresas interact\u00faen con sus clientes en linea es un gran boom para las organizaciones, ya que les proporciona datos e informaci\u00f3n sobre las preferencias de los consumidores en tiempo real, algo que no hubiera sido posible en el pasado. Ademas permiti\u00e9ndoles obtener<\/span> respuestas directas e informaci\u00f3n de los consumidores sobre c\u00f3mo funciona su producto, junto con informaci\u00f3n adicional sobre las tendencias actuales del mercado.<\/span><\/p>\n<p>Servicios para configurar cuentas de su empresa en Facebook, Twitter, Instagram, You Tube, LinkedIn, etc.<\/p>\n<p><span class=\"\" lang=\"es\"><span class=\"\">Para otras opciones de actualizaciones, como blog, art\u00edculos o actualizaciones diarias, videos, etc., contactenos <strong><a href=\"https:\/\/www.datwebdigital.com\/DWD\/contactenos\/\">aqui.<\/a><\/strong><\/span><\/span><\/p>\n","protected":false},"excerpt":{"rendered":"<p>ENGLISH DIGITAL MARKETING Online marketing Search engine optimization (SEO) Search engine marketing (SEM) Content marketing Social Media Marketing (SMM) Pay-per-click advertising (PPC) Affiliate marketing Email marketing Offline marketing Enhanced offline marketing Electronic billboards Digital product demos Digital product samples Radio marketing Radio commercials Show sponsoring TV marketing TV commercials Tele-shopping Super Bowl commercials Phone marketing&hellip;<\/p>\n","protected":false},"author":1,"featured_media":0,"parent":0,"menu_order":0,"comment_status":"closed","ping_status":"closed","template":"","meta":{"footnotes":""},"class_list":["post-1885","page","type-page","status-publish","czr-hentry"],"_links":{"self":[{"href":"https:\/\/www.datwebdigital.com\/DWD\/wp-json\/wp\/v2\/pages\/1885","targetHints":{"allow":["GET"]}}],"collection":[{"href":"https:\/\/www.datwebdigital.com\/DWD\/wp-json\/wp\/v2\/pages"}],"about":[{"href":"https:\/\/www.datwebdigital.com\/DWD\/wp-json\/wp\/v2\/types\/page"}],"author":[{"embeddable":true,"href":"https:\/\/www.datwebdigital.com\/DWD\/wp-json\/wp\/v2\/users\/1"}],"replies":[{"embeddable":true,"href":"https:\/\/www.datwebdigital.com\/DWD\/wp-json\/wp\/v2\/comments?post=1885"}],"version-history":[{"count":0,"href":"https:\/\/www.datwebdigital.com\/DWD\/wp-json\/wp\/v2\/pages\/1885\/revisions"}],"wp:attachment":[{"href":"https:\/\/www.datwebdigital.com\/DWD\/wp-json\/wp\/v2\/media?parent=1885"}],"curies":[{"name":"wp","href":"https:\/\/api.w.org\/{rel}","templated":true}]}}