{"id":1872,"date":"2017-09-15T18:17:59","date_gmt":"2017-09-16T01:17:59","guid":{"rendered":"https:\/\/www.datwebdigital.com\/DWD\/?page_id=1872"},"modified":"2017-09-15T18:32:56","modified_gmt":"2017-09-16T01:32:56","slug":"e-commerce","status":"publish","type":"page","link":"https:\/\/www.datwebdigital.com\/DWD\/e-commerce\/","title":{"rendered":"E-Commerce."},"content":{"rendered":"<h3 class=\"title-heading-left\" style=\"text-align: right;\"><span style=\"font-size: 16pt;\"><a href=\"https:\/\/www.datwebdigital.com\/DWD\/ecommerce\/\"><span id=\"result_box\" class=\"\" lang=\"es\"><span class=\"\"><strong>ENGLISH<\/strong><\/span><\/span><\/a><\/span><\/h3>\n<p><a href=\"https:\/\/www.datwebdigital.com\/DWD\/wp-content\/uploads\/2016\/05\/ecommerce.jpg\"><img fetchpriority=\"high\" decoding=\"async\" class=\"alignnone size-full wp-image-1729\" src=\"https:\/\/www.datwebdigital.com\/DWD\/wp-content\/uploads\/2016\/05\/ecommerce.jpg\" alt=\"\" width=\"700\" height=\"467\" srcset=\"https:\/\/www.datwebdigital.com\/DWD\/wp-content\/uploads\/2016\/05\/ecommerce.jpg 700w, https:\/\/www.datwebdigital.com\/DWD\/wp-content\/uploads\/2016\/05\/ecommerce-600x400.jpg 600w\" sizes=\"(max-width: 700px) 100vw, 700px\" \/><\/a><\/p>\n<h3 class=\"title-heading-left\"><span id=\"result_box\" class=\"\" lang=\"es\"><span class=\"\">Marketing estrat\u00e9gico, incluyendo dise\u00f1o avanzado de sitios web, comercio electr\u00f3nico y desarrollo m\u00f3vil.<\/span><\/span><\/h3>\n<p><span id=\"result_box\" class=\"\" lang=\"es\"><span class=\"\">Lanzar una tienda en l\u00ednea es s\u00f3lo el comienzo en el proceso de encontrar el \u00e9xito en la venta al por menor.<\/span> <span class=\"\">Una estrategia bien planificada y bien ejecutada para atraer, monetizar y convertir a los compradores es lo que realmente impulsa el \u00e9xito.<\/span><\/span><\/p>\n<p><span class=\"\">Utilizamos WooCommerce para configurar su sitio de comercio electr\u00f3nico.<\/span> WooCommerce es la soluci\u00f3n m\u00e1s popular para desarrollar el sitio de comercio electr\u00f3nico en WordPress.<\/p>\n<p>Cuenta con soporte de clase mundial, cientos de temas magn\u00edficos de alta calidad compatibles con lo que le permite crear un sitio de comercio electr\u00f3nico funcional de forma r\u00e1pida y eficaz.<\/p>\n<p>La seguridad de WooCommerce es indiscutible. Su dedicado equipo de desarrolladores as\u00ed como voluntarios alrededor del mundo lo mantienen firmemente asegurado y seguro.<\/p>\n<p>&nbsp;<\/p>\n<h3><span id=\"result_box\" class=\"\" lang=\"es\"><span class=\"\">Estas son algunas de las herramientas que utilizamos:<\/span><\/span><\/h3>\n<ul>\n<li><span id=\"result_box\" class=\"\" lang=\"es\"><span class=\"\">Correo de propaganda<\/span><\/span><\/li>\n<li><span id=\"result_box\" class=\"\" lang=\"es\">Optimizaci\u00f3n de motores de b\u00fasqueda<\/span><\/li>\n<li><span id=\"result_box\" class=\"\" lang=\"es\">Marketing Social y Avisos<br \/>\n<\/span><\/li>\n<li><span id=\"result_box\" class=\"\" lang=\"es\">An\u00e1lisis competitivo<\/span><\/li>\n<li><span id=\"result_box\" class=\"\" lang=\"es\">Desarrollo de contenido<\/span><\/li>\n<li><span id=\"result_box\" class=\"\" lang=\"es\">Perspectivas del cliente<\/span><\/li>\n<li><span id=\"result_box\" class=\"\" lang=\"es\">Experiencia de usuario<\/span><\/li>\n<\/ul>\n","protected":false},"excerpt":{"rendered":"<p>ENGLISH Marketing estrat\u00e9gico, incluyendo dise\u00f1o avanzado de sitios web, comercio electr\u00f3nico y desarrollo m\u00f3vil. Lanzar una tienda en l\u00ednea es s\u00f3lo el comienzo en el proceso de encontrar el \u00e9xito en la venta al por menor. Una estrategia bien planificada y bien ejecutada para atraer, monetizar y convertir a los compradores es lo que realmente&hellip;<\/p>\n","protected":false},"author":1,"featured_media":0,"parent":0,"menu_order":0,"comment_status":"closed","ping_status":"closed","template":"","meta":{"footnotes":""},"class_list":["post-1872","page","type-page","status-publish","czr-hentry"],"_links":{"self":[{"href":"https:\/\/www.datwebdigital.com\/DWD\/wp-json\/wp\/v2\/pages\/1872","targetHints":{"allow":["GET"]}}],"collection":[{"href":"https:\/\/www.datwebdigital.com\/DWD\/wp-json\/wp\/v2\/pages"}],"about":[{"href":"https:\/\/www.datwebdigital.com\/DWD\/wp-json\/wp\/v2\/types\/page"}],"author":[{"embeddable":true,"href":"https:\/\/www.datwebdigital.com\/DWD\/wp-json\/wp\/v2\/users\/1"}],"replies":[{"embeddable":true,"href":"https:\/\/www.datwebdigital.com\/DWD\/wp-json\/wp\/v2\/comments?post=1872"}],"version-history":[{"count":0,"href":"https:\/\/www.datwebdigital.com\/DWD\/wp-json\/wp\/v2\/pages\/1872\/revisions"}],"wp:attachment":[{"href":"https:\/\/www.datwebdigital.com\/DWD\/wp-json\/wp\/v2\/media?parent=1872"}],"curies":[{"name":"wp","href":"https:\/\/api.w.org\/{rel}","templated":true}]}}