{"id":1314,"date":"2017-05-12T08:12:13","date_gmt":"2017-05-12T15:12:13","guid":{"rendered":"https:\/\/www.datwebdigital.com\/DWD\/?page_id=1314"},"modified":"2019-12-11T15:22:46","modified_gmt":"2019-12-11T22:22:46","slug":"acerca-de-mi","status":"publish","type":"page","link":"https:\/\/www.datwebdigital.com\/DWD\/acerca-de-mi\/","title":{"rendered":"Acerca de mi"},"content":{"rendered":"<div id=\"attachment_804\" style=\"width: 202px\" class=\"wp-caption alignnone\"><a href=\"https:\/\/www.datwebdigital.com\/DWD\/wp-content\/uploads\/2015\/03\/249430_2119358543750_7194235_n.jpg\"><img decoding=\"async\" aria-describedby=\"caption-attachment-804\" class=\"size-full wp-image-804\" src=\"https:\/\/www.datwebdigital.com\/DWD\/wp-content\/uploads\/2015\/03\/249430_2119358543750_7194235_n.jpg\" alt=\"Pablo Csaky\" width=\"192\" height=\"212\" \/><\/a><p id=\"caption-attachment-804\" class=\"wp-caption-text\">Pablo Csaky<\/p><\/div>\n<p>Mi nombre es Pablo Csaky y soy un Webdesigner independiente especializado en websites a medida y desarrollos para internet. Comence a dar mis primeros pasos en la red en 1994 <span class=\"tlid-translation translation\" lang=\"es\"><span class=\"\" title=\"\">dise\u00f1ando y construyendo sitios web personalizados para informaci\u00f3n y comercio electr\u00f3nico, <\/span><\/span>y a lo largo de estos a\u00f1os he ido capacitandome para lograr lo mejor en mis trabajos.<\/p>\n<p><span class=\"tlid-translation translation\" lang=\"es\"><span title=\"\">Mis servicios incluyen todo, todo para brindarle un sitio completo con soporte de por vida.<\/span> <span title=\"\">Esto tambi\u00e9n incluye dise\u00f1o de arte gr\u00e1fico con logotipo y marca si es necesario, junto con el dise\u00f1o de impresi\u00f3n tambi\u00e9n.<\/span><\/span><\/p>\n<p>En mi &#8220;<strong>caverna creativa<\/strong>&#8220;, <span class=\"tlid-translation translation\" lang=\"es\"><span title=\"\">dise\u00f1o con las \u00faltimas tecnolog\u00edas en funci\u00f3n de las necesidades de mis clientes y trabajo con ellos<\/span><\/span> en comunicacion permanente para lograr el mejor resultado final y asegurarme de que ellos pueden estar orgullosos de la imagen creada para su empresa o negocio. <span class=\"tlid-translation translation\" lang=\"es\"><span title=\"\">Por supuesto, me quedo contigo mientras necesites ayuda.<\/span><\/span><\/p>\n<p>Naci y creci en <a href=\"https:\/\/www.welcomeargentina.com\/cordoba\/index_i.html\"><strong>Cordoba, Argentina<\/strong><\/a>, luego me radique en USA en 1999 donde encontre a California como mi segundo hogar. Entre otras cosas tambien soy <a href=\"https:\/\/www.datwebdigital.com\/DWD\/?page_id=47\"><strong>fotografo<\/strong><\/a>, <a href=\"https:\/\/www.datwebdigital.com\/DWD\/?page_id=680\"><strong>entrenador de rugby<\/strong><\/a> y <a href=\"https:\/\/www.datwebdigital.com\/DWD\/?page_id=361\"><strong>periodista de rugby<\/strong><\/a> deporte el cual he jugado desde ni\u00f1o en todas sus categorias hasta primera division (integrando seleccionados, etc) y luego en veteranos, ademas de ser tambien entrenador hasta el presente en el deporte que ha sido mi pasion de toda la vida.<\/p>\n<p><a href=\"https:\/\/www.datwebdigital.com\/DWD\/about-me\/\"><strong>ENGLISH CLICK HERE<\/strong><\/a><\/p>\n","protected":false},"excerpt":{"rendered":"<p>Mi nombre es Pablo Csaky y soy un Webdesigner independiente especializado en websites a medida y desarrollos para internet. Comence a dar mis primeros pasos en la red en 1994 dise\u00f1ando y construyendo sitios web personalizados para informaci\u00f3n y comercio electr\u00f3nico, y a lo largo de estos a\u00f1os he ido capacitandome para lograr lo mejor&hellip;<\/p>\n","protected":false},"author":1,"featured_media":0,"parent":0,"menu_order":0,"comment_status":"closed","ping_status":"closed","template":"","meta":{"footnotes":""},"class_list":["post-1314","page","type-page","status-publish","czr-hentry"],"_links":{"self":[{"href":"https:\/\/www.datwebdigital.com\/DWD\/wp-json\/wp\/v2\/pages\/1314","targetHints":{"allow":["GET"]}}],"collection":[{"href":"https:\/\/www.datwebdigital.com\/DWD\/wp-json\/wp\/v2\/pages"}],"about":[{"href":"https:\/\/www.datwebdigital.com\/DWD\/wp-json\/wp\/v2\/types\/page"}],"author":[{"embeddable":true,"href":"https:\/\/www.datwebdigital.com\/DWD\/wp-json\/wp\/v2\/users\/1"}],"replies":[{"embeddable":true,"href":"https:\/\/www.datwebdigital.com\/DWD\/wp-json\/wp\/v2\/comments?post=1314"}],"version-history":[{"count":0,"href":"https:\/\/www.datwebdigital.com\/DWD\/wp-json\/wp\/v2\/pages\/1314\/revisions"}],"wp:attachment":[{"href":"https:\/\/www.datwebdigital.com\/DWD\/wp-json\/wp\/v2\/media?parent=1314"}],"curies":[{"name":"wp","href":"https:\/\/api.w.org\/{rel}","templated":true}]}}